{"id":315,"date":"2019-11-13T02:29:49","date_gmt":"2019-11-13T02:29:49","guid":{"rendered":"http:\/\/escondido-bank.com\/template_banana_construction"},"modified":"2023-11-29T01:41:12","modified_gmt":"2023-11-29T01:41:12","slug":"podcast","status":"publish","type":"page","link":"https:\/\/escondido-bank.com\/it\/podcast\/","title":{"rendered":"PODCAST"},"content":{"rendered":"<p>[vc_row full_width=&#8221;stretch_row_content_no_spaces&#8221; first_background_type=&#8221;image&#8221; first_background_image=&#8221;50&#8243; first_background_position=&#8221;top-left&#8221; first_background_image_size=&#8221;thumbnail&#8221; second_background_type=&#8221;image&#8221; second_background_image=&#8221;50&#8243; second_background_position=&#8221;top-left&#8221; second_background_image_size=&#8221;medium&#8221;][vc_column width=&#8221;1\/4&#8243;]<div data-id=\"mpc_image-3669e1938d7d340\" onclick=\"\" class=\"mpc-image mpc-init \" ><a href=\"https:\/\/escondido-bank.com\/it\" title=\"\"  class=\"mpc-item mpc-transition\"><img class=\"mpc-transition \" src=\"https:\/\/escondido-bank.com\/wp-content\/uploads\/2019\/09\/escondido-brothers-200x100.png\" width=\"200\" height=\"100\" alt=\"escondido brothers\" title=\"escondido brothers\" \/><\/a><\/div>[\/vc_column][vc_column width=&#8221;3\/4&#8243;][vc_raw_html]JTVCbWF4bWVnYW1lbnUlMjBsb2NhdGlvbiUzRHByaW1hcnklNUQ=[\/vc_raw_html][\/vc_column][\/vc_row][vc_row full_width=&#8221;stretch_row_content_no_spaces&#8221; enable_parallax=&#8221;true&#8221; parallax_background=&#8221;51&#8243; parallax_style=&#8221;fixed&#8221; animation_in_type=&#8221;transition.fadeIn&#8221; animation_in_offset=&#8221;100&#8243; animation_in_duration=&#8221;1800&#8243; animation_in_delay=&#8221;0&#8243; css=&#8221;.vc_custom_1624241327546{padding-top: 200px !important;padding-bottom: 200px !important;}&#8221;][vc_column alignment=&#8221;center&#8221;][vc_row_inner animation_in_type=&#8221;transition.slideDownIn&#8221; animation_in_offset=&#8221;100&#8243; animation_in_duration=&#8221;1600&#8243; animation_in_delay=&#8221;200&#8243; css=&#8221;.vc_custom_1573613313574{margin-top: 0px !important;margin-bottom: 0px !important;}&#8221;][vc_column_inner offset=&#8221;vc_hidden-sm vc_hidden-xs&#8221;]<div id=\"mpc_textblock-569e1938d7d3b2\" class=\"mpc-textblock mpc-init mpc-typography--mpc_preset_56 \"><h3 style=\"text-align: center; margin-bottom: .5em;\"><strong><span style=\"color: #ffffff;\">ESCONDIDO BANK<\/span><\/strong><\/h3>\n<\/div><div data-id=\"mpc_divider-3169e1938d7d428\" class=\"mpc-divider-wrap\"><div class=\"mpc-divider mpc-init mpc-animation mpc-align--center mpc-disable--left \"  data-animation-in=\"transition.slideDownIn||1600||500||100\"><div class=\"mpc-divider__line mpc-side--left\"><span><\/span><\/div><div class=\"mpc-divider__line mpc-side--right\"><span><\/span><\/div><\/div><\/div><div id=\"mpc_animated_text-4869e1938d7d466\" class=\"mpc-animated-text-wrap mpc-typography--mpc_preset_54 mpc-init mpc-transition mpc-animation mpc-style--typewrite \"  data-animation-in=\"transition.slideDownIn||1600||800||100\" data-options=\"{&quot;style&quot;:&quot;typewrite&quot;,&quot;duration&quot;:&quot;3350&quot;,&quot;delay&quot;:&quot;3300&quot;,&quot;loop&quot;:false,&quot;dynamic&quot;:false}\"><div class=\"mpc-animated-text\"><div class=\"mpc-animated-text__block\"><span class=\"mpc-animated-text__word\">Il Podcast del giorno<\/span><\/div><\/div><\/div>[\/vc_column_inner][\/vc_row_inner][vc_row_inner animation_in_type=&#8221;transition.slideDownIn&#8221; animation_in_offset=&#8221;100&#8243; animation_in_duration=&#8221;1600&#8243; animation_in_delay=&#8221;200&#8243; css=&#8221;.vc_custom_1573613313574{margin-top: 0px !important;margin-bottom: 0px !important;}&#8221;][vc_column_inner offset=&#8221;vc_hidden-lg vc_hidden-md&#8221; css=&#8221;.vc_custom_1624241370941{margin-top: -50px !important;}&#8221;]<div id=\"mpc_textblock-4069e1938d7d492\" class=\"mpc-textblock mpc-init mpc-typography--mpc_preset_56 \"><h3 style=\"text-align: center; margin-bottom: .5em;\"><strong><span style=\"color: #ffffff;\">ESCONDIDO BANK<\/span><\/strong><\/h3>\n<\/div><div data-id=\"mpc_divider-2769e1938d7d4da\" class=\"mpc-divider-wrap\"><div class=\"mpc-divider mpc-init mpc-animation mpc-align--center mpc-disable--left \"  data-animation-in=\"transition.slideDownIn||1600||500||100\"><div class=\"mpc-divider__line mpc-side--left\"><span><\/span><\/div><div class=\"mpc-divider__line mpc-side--right\"><span><\/span><\/div><\/div><\/div><div id=\"mpc_animated_text-9869e1938d7d508\" class=\"mpc-animated-text-wrap mpc-typography--mpc_preset_54 mpc-init mpc-transition mpc-animation mpc-style--typewrite \"  data-animation-in=\"transition.slideDownIn||1600||800||100\" data-options=\"{&quot;style&quot;:&quot;typewrite&quot;,&quot;duration&quot;:&quot;3350&quot;,&quot;delay&quot;:&quot;3300&quot;,&quot;loop&quot;:false,&quot;dynamic&quot;:false}\"><div class=\"mpc-animated-text\"><div class=\"mpc-animated-text__block\"><span class=\"mpc-animated-text__word\">Il Podcast del giorno<\/span><\/div><\/div><\/div>[\/vc_column_inner][\/vc_row_inner][\/vc_column][\/vc_row][vc_row full_width=&#8221;stretch_row_content_no_spaces&#8221; animation_in_type=&#8221;transition.slideUpIn&#8221; animation_in_offset=&#8221;96&#8243; animation_in_duration=&#8221;1600&#8243; animation_in_delay=&#8221;0&#8243; css=&#8221;.vc_custom_1624240900894{margin-right: -5px !important;margin-left: -5px !important;padding-bottom: 2em !important;}&#8221;][vc_column][vc_row_inner css=&#8221;.vc_custom_1451223158448{margin-top: 0px !important;margin-bottom: 0px !important;padding-top: 0px !important;padding-bottom: 0px !important;}&#8221;][vc_column_inner css=&#8221;.vc_custom_1624241380648{margin-top: 0px !important;margin-bottom: 0px !important;padding-top: 0px !important;padding-bottom: 0px !important;}&#8221;]<div data-id=\"mpc_icon-3269e1938d7d81f\" class=\"mpc-icon mpc-init mpc-transition mpc-effect-none mpc-icon--image \"><div class=\"mpc-icon-wrap\"><i class=\"mpc-icon-part mpc-regular mpc-transition \"><img width=\"2300\" height=\"540\" src=\"https:\/\/escondido-bank.com\/wp-content\/uploads\/2019\/11\/podcasts.jpeg\" class=\"attachment-full\" alt=\"\" loading=\"lazy\" title=\"podcasts\" srcset=\"https:\/\/escondido-bank.com\/wp-content\/uploads\/2019\/11\/podcasts.jpeg 2300w, https:\/\/escondido-bank.com\/wp-content\/uploads\/2019\/11\/podcasts-300x70.jpeg 300w, https:\/\/escondido-bank.com\/wp-content\/uploads\/2019\/11\/podcasts-768x180.jpeg 768w, https:\/\/escondido-bank.com\/wp-content\/uploads\/2019\/11\/podcasts-1024x240.jpeg 1024w, https:\/\/escondido-bank.com\/wp-content\/uploads\/2019\/11\/podcasts-1568x368.jpeg 1568w\" sizes=\"(max-width: 2300px) 100vw, 2300px\" \/><\/i><\/div><\/div>[\/vc_column_inner][\/vc_row_inner][vc_row_inner equal_height=&#8221;yes&#8221;][vc_column_inner width=&#8221;1\/3&#8243; animation_in_type=&#8221;transition.expandIn&#8221; animation_in_offset=&#8221;70&#8243; animation_in_duration=&#8221;1200&#8243; animation_in_delay=&#8221;0&#8243; css=&#8221;.vc_custom_1624241004742{margin-left: 10px !important;padding-bottom: 2em !important;}&#8221;][vc_column_text]<\/p>\n<p dir=\"ltr\"><strong><img loading=\"lazy\" class=\"size-medium wp-image-1011 alignleft\" src=\"http:\/\/escondido-bank.com\/wp-content\/uploads\/2020\/12\/podkast_image2-295x300.jpg\" alt=\"\" width=\"295\" height=\"300\" \/>Marko Zarkos, broker digitale, risponde alle nostre domande:<\/strong><\/p>\n<p dir=\"ltr\">&#8211; Quale assicurazione \u00e8 adatta alle mie esigenze? Che assicurazione posso sottoscrivere velocemente online e quale invece richiede l\u2019intervento di un consulente?<\/p>\n<p>[\/vc_column_text]<a href=\"#popmake-1461\" title=\"Podcast\"  data-id=\"mpc_button-1069e1938d7d890\" class=\"mpc-button mpc-init mpc-transition mpc-typography--mpc_preset_54 \" ><div class=\"mpc-button__content mpc-effect-type--stay mpc-effect-side--right\"><span class=\"mpc-button__title mpc-transition\">Ascolta il Podcast<\/span><i class=\"mpc-button__icon mpc-transition  eti eti_arrow_carrot-right\"><\/i><\/div><div class=\"mpc-button__background mpc-transition mpc-effect-type--slide mpc-effect-side--bottom\"><\/div><\/a>[\/vc_column_inner][vc_column_inner width=&#8221;1\/3&#8243; animation_in_type=&#8221;transition.expandIn&#8221; animation_in_offset=&#8221;70&#8243; animation_in_duration=&#8221;1200&#8243; animation_in_delay=&#8221;200&#8243; css=&#8221;.vc_custom_1624241014402{margin-left: 10px !important;padding-bottom: 2em !important;}&#8221;][vc_column_text]<strong><img loading=\"lazy\" class=\"size-medium wp-image-1207 alignleft\" src=\"https:\/\/escondido-bank.com\/wp-content\/uploads\/2021\/06\/graves-podcast-300x289.jpg\" alt=\"\" width=\"300\" height=\"289\" srcset=\"https:\/\/escondido-bank.com\/wp-content\/uploads\/2021\/06\/graves-podcast-300x289.jpg 300w, https:\/\/escondido-bank.com\/wp-content\/uploads\/2021\/06\/graves-podcast-768x739.jpg 768w, https:\/\/escondido-bank.com\/wp-content\/uploads\/2021\/06\/graves-podcast.jpg 848w\" sizes=\"(max-width: 300px) 100vw, 300px\" \/>Fernando Graves commenta l\u2019articolo del Guardian sulla situazione attuale dell\u2019economia nel nostro paese.<br \/>\n<\/strong><\/p>\n<p style=\"line-height: 1.7em; margin-bottom: -5px;\"><span style=\"font-weight: 400;\">La nostra moneta \u00e8 in rapido calo rispetto al dollaro. Cosa stanno facendo le istituzioni finanziarie del paese per affrontare questo momento di crisi?<\/span><\/p>\n<p>[\/vc_column_text]<a href=\"#popmake-1463\" title=\"\"  data-id=\"mpc_button-4969e1938d7d8e4\" class=\"mpc-button mpc-init mpc-transition mpc-typography--mpc_preset_54 \" ><div class=\"mpc-button__content mpc-effect-type--stay mpc-effect-side--right\"><span class=\"mpc-button__title mpc-transition\">Ascolta il Podcast<\/span><i class=\"mpc-button__icon mpc-transition  eti eti_arrow_carrot-right\"><\/i><\/div><div class=\"mpc-button__background mpc-transition mpc-effect-type--slide mpc-effect-side--bottom\"><\/div><\/a>[\/vc_column_inner][vc_column_inner width=&#8221;1\/3&#8243; animation_in_type=&#8221;transition.expandIn&#8221; animation_in_offset=&#8221;70&#8243; animation_in_duration=&#8221;1200&#8243; animation_in_delay=&#8221;400&#8243; css=&#8221;.vc_custom_1624241024775{margin-left: 10px !important;padding-bottom: 2em !important;}&#8221;][vc_column_text]<strong><img loading=\"lazy\" class=\"size-medium wp-image-1012 alignleft\" src=\"http:\/\/escondido-bank.com\/wp-content\/uploads\/2020\/12\/podkast_image3-300x276.jpg\" alt=\"\" width=\"300\" height=\"276\" \/>Prestito P2P<\/strong><\/p>\n<p style=\"line-height: 1.7em; margin-bottom: -5px;\">In questa puntata del podcast parliamo con Lary Zoi, uno dei padri del P2P tedesco. Lars \u00e8 una specie di crash test dummy del settore e ha gi\u00e0 distribuito i suoi soldi su pi\u00f9 di 20 piattaforme di P2P. Potr\u00e0 spiegarci cosa c\u2019\u00e8 di buono e cosa invece \u00e8 solo fumo negli occhi.<\/p>\n<p>[\/vc_column_text]<a href=\"#popmake-1461\" title=\"\"  data-id=\"mpc_button-8669e1938d7d93d\" class=\"mpc-button mpc-init mpc-transition mpc-typography--mpc_preset_54 \" ><div class=\"mpc-button__content mpc-effect-type--stay mpc-effect-side--right\"><span class=\"mpc-button__title mpc-transition\">Ascolta il Podcast<\/span><i class=\"mpc-button__icon mpc-transition  eti eti_arrow_carrot-right\"><\/i><\/div><div class=\"mpc-button__background mpc-transition mpc-effect-type--slide mpc-effect-side--bottom\"><\/div><\/a>[\/vc_column_inner][\/vc_row_inner][\/vc_column][\/vc_row][vc_row full_width=&#8221;stretch_row_content_no_spaces&#8221;][vc_column][vc_column_text]<\/p>\n<p>[\/vc_column_text][\/vc_column][\/vc_row][vc_row full_width=&#8221;stretch_row_content_no_spaces&#8221; css=&#8221;.vc_custom_1626496757186{background-color: rgba(220,227,229,0.61) !important;*background-color: rgb(220,227,229) !important;}&#8221;][vc_column width=&#8221;1\/6&#8243; offset=&#8221;vc_hidden-sm vc_hidden-xs&#8221;][\/vc_column][vc_column width=&#8221;1\/3&#8243; offset=&#8221;vc_hidden-sm vc_hidden-xs&#8221;][vc_column_text]<img loading=\"lazy\" class=\" wp-image-164 alignleft\" src=\"http:\/\/escondido-bank.com\/wp-content\/uploads\/2019\/11\/phone-outlined-small.png\" alt=\"\" width=\"66\" height=\"66\" \/><\/p>\n<pre class=\"contentsnippet__headline h4\"><span style=\"color: #003366;\">Telefono\r\n<\/span><span style=\"color: #003366; font-size: 14px;\">Servizio clienti e centro di assistenza 24\/7\r\n<\/span><span style=\"color: #003366; font-size: 24px;\"><span style=\"color: #808080;\">\r\n<img loading=\"lazy\" class=\"alignnone wp-image-1288\" src=\"https:\/\/escondido-bank.com\/wp-content\/uploads\/2021\/06\/DE-flag-round-250.png\" alt=\"\" width=\"24\" height=\"24\" srcset=\"https:\/\/escondido-bank.com\/wp-content\/uploads\/2021\/06\/DE-flag-round-250.png 250w, https:\/\/escondido-bank.com\/wp-content\/uploads\/2021\/06\/DE-flag-round-250-150x150.png 150w\" sizes=\"(max-width: 24px) 100vw, 24px\" \/> +49 2132 51003 78\r\n<img loading=\"lazy\" class=\"alignnone wp-image-1290\" src=\"https:\/\/escondido-bank.com\/wp-content\/uploads\/2021\/06\/UK-flag-png.png\" alt=\"\" width=\"27\" height=\"28\" srcset=\"https:\/\/escondido-bank.com\/wp-content\/uploads\/2021\/06\/UK-flag-png.png 219w, https:\/\/escondido-bank.com\/wp-content\/uploads\/2021\/06\/UK-flag-png-150x150.png 150w\" sizes=\"(max-width: 27px) 100vw, 27px\" \/> +44 1224 0510 86\r\n<img loading=\"lazy\" class=\"alignnone size-medium wp-image-1410\" src=\"https:\/\/escondido-bank.com\/wp-content\/uploads\/2022\/07\/us-flag-300x300.png\" alt=\"\" width=\"28\" height=\"28\" srcset=\"https:\/\/escondido-bank.com\/wp-content\/uploads\/2022\/07\/us-flag-300x300.png 300w, https:\/\/escondido-bank.com\/wp-content\/uploads\/2022\/07\/us-flag-150x150.png 150w, https:\/\/escondido-bank.com\/wp-content\/uploads\/2022\/07\/us-flag-365x365.png 365w, https:\/\/escondido-bank.com\/wp-content\/uploads\/2022\/07\/us-flag-500x500.png 500w, https:\/\/escondido-bank.com\/wp-content\/uploads\/2022\/07\/us-flag.png 525w\" sizes=\"(max-width: 28px) 100vw, 28px\" \/> +1  4156 8374 23\r\n<img loading=\"lazy\" class=\"alignnone size-medium wp-image-1442\" src=\"https:\/\/escondido-bank.com\/wp-content\/uploads\/2022\/08\/Italian-flag-300x300.png\" alt=\"\" width=\"27\" height=\"27\" srcset=\"https:\/\/escondido-bank.com\/wp-content\/uploads\/2022\/08\/Italian-flag-300x300.png 300w, https:\/\/escondido-bank.com\/wp-content\/uploads\/2022\/08\/Italian-flag-150x150.png 150w, https:\/\/escondido-bank.com\/wp-content\/uploads\/2022\/08\/Italian-flag-768x768.png 768w, https:\/\/escondido-bank.com\/wp-content\/uploads\/2022\/08\/Italian-flag-365x365.png 365w, https:\/\/escondido-bank.com\/wp-content\/uploads\/2022\/08\/Italian-flag-500x500.png 500w, https:\/\/escondido-bank.com\/wp-content\/uploads\/2022\/08\/Italian-flag.png 900w\" sizes=\"(max-width: 27px) 100vw, 27px\" \/> +39 0543 1908143\r\n<img loading=\"lazy\" class=\"alignnone size-medium wp-image-1495\" src=\"https:\/\/escondido-bank.com\/wp-content\/uploads\/2022\/09\/France-flag-300x300.png\" alt=\"\" width=\"30\" height=\"30\" srcset=\"https:\/\/escondido-bank.com\/wp-content\/uploads\/2022\/09\/France-flag-300x300.png 300w, https:\/\/escondido-bank.com\/wp-content\/uploads\/2022\/09\/France-flag-1024x1024.png 1024w, https:\/\/escondido-bank.com\/wp-content\/uploads\/2022\/09\/France-flag-150x150.png 150w, https:\/\/escondido-bank.com\/wp-content\/uploads\/2022\/09\/France-flag-768x768.png 768w, https:\/\/escondido-bank.com\/wp-content\/uploads\/2022\/09\/France-flag-1536x1536.png 1536w, https:\/\/escondido-bank.com\/wp-content\/uploads\/2022\/09\/France-flag-2048x2048.png 2048w, https:\/\/escondido-bank.com\/wp-content\/uploads\/2022\/09\/France-flag-365x365.png 365w, https:\/\/escondido-bank.com\/wp-content\/uploads\/2022\/09\/France-flag-500x500.png 500w\" sizes=\"(max-width: 30px) 100vw, 30px\" \/> +33 1 87 20 58 02\r\n<img loading=\"lazy\" class=\"alignnone size-medium wp-image-1494\" src=\"https:\/\/escondido-bank.com\/wp-content\/uploads\/2022\/09\/Quebec-300x300.png\" alt=\"\" width=\"32\" height=\"32\" srcset=\"https:\/\/escondido-bank.com\/wp-content\/uploads\/2022\/09\/Quebec-300x300.png 300w, https:\/\/escondido-bank.com\/wp-content\/uploads\/2022\/09\/Quebec-150x150.png 150w, https:\/\/escondido-bank.com\/wp-content\/uploads\/2022\/09\/Quebec-365x365.png 365w, https:\/\/escondido-bank.com\/wp-content\/uploads\/2022\/09\/Quebec-500x500.png 500w, https:\/\/escondido-bank.com\/wp-content\/uploads\/2022\/09\/Quebec.png 512w\" sizes=\"(max-width: 32px) 100vw, 32px\" \/> +1 43 86 025 030\r\n<\/span><\/span><\/pre>\n<p>[\/vc_column_text][\/vc_column][vc_column width=&#8221;1\/3&#8243; offset=&#8221;vc_hidden-sm vc_hidden-xs&#8221;][vc_column_text]<img loading=\"lazy\" class=\"wp-image-163 size-full alignleft\" src=\"http:\/\/escondido-bank.com\/wp-content\/uploads\/2019\/11\/envelope-outlined-small.png\" alt=\"\" width=\"80\" height=\"80\" \/><\/p>\n<pre class=\"contentsnippet__headline h4\"><span style=\"color: #003366;\">E-Mail \r\n<\/span><span style=\"color: #003366; font-size: 14px;\">Inviaci una email \r\n<\/span><a href=\"http:\/\/escondido-bank.com\/it\/contact\"><span style=\"color: #808080;\"><span style=\"font-size: 24px;\">\u2192 Contattaci form<\/span><\/span><\/a><\/pre>\n<p>[\/vc_column_text][\/vc_column][vc_column width=&#8221;1\/6&#8243; offset=&#8221;vc_hidden-sm vc_hidden-xs&#8221;][\/vc_column][\/vc_row][vc_row full_width=&#8221;stretch_row_content_no_spaces&#8221; css=&#8221;.vc_custom_1624068850855{background-color: rgba(220,227,229,0.61) !important;*background-color: rgb(220,227,229) !important;}&#8221;][vc_column offset=&#8221;vc_hidden-lg vc_hidden-md&#8221; css=&#8221;.vc_custom_1624196180960{margin-left: 5px !important;}&#8221;][vc_column_text]<\/p>\n<hr \/>\n<p><img loading=\"lazy\" class=\"wp-image-164 aligncenter\" src=\"http:\/\/escondido-bank.com\/wp-content\/uploads\/2019\/11\/phone-outlined-small.png\" alt=\"\" width=\"32\" height=\"32\" \/><span style=\"color: #003366;\"> Telefono <\/span><span style=\"color: #003366; font-size: 18px;\">Servizio clienti e centro di assistenza 24\/7\u00a0 <\/span><\/p>\n<p><span style=\"color: #003366; font-size: 24px;\"><span style=\"color: #808080;\"><br \/>\n<img loading=\"lazy\" class=\"alignnone wp-image-1288\" src=\"https:\/\/escondido-bank.com\/wp-content\/uploads\/2021\/06\/DE-flag-round-250.png\" alt=\"\" width=\"24\" height=\"24\" srcset=\"https:\/\/escondido-bank.com\/wp-content\/uploads\/2021\/06\/DE-flag-round-250.png 250w, https:\/\/escondido-bank.com\/wp-content\/uploads\/2021\/06\/DE-flag-round-250-150x150.png 150w\" sizes=\"(max-width: 24px) 100vw, 24px\" \/> +49 2132 51003 78<br \/>\n<img loading=\"lazy\" class=\"alignnone wp-image-1290\" src=\"https:\/\/escondido-bank.com\/wp-content\/uploads\/2021\/06\/UK-flag-png.png\" alt=\"\" width=\"27\" height=\"28\" srcset=\"https:\/\/escondido-bank.com\/wp-content\/uploads\/2021\/06\/UK-flag-png.png 219w, https:\/\/escondido-bank.com\/wp-content\/uploads\/2021\/06\/UK-flag-png-150x150.png 150w\" sizes=\"(max-width: 27px) 100vw, 27px\" \/> +44 1224 0510 86<br \/>\n<img loading=\"lazy\" class=\"alignnone size-medium wp-image-1410\" src=\"https:\/\/escondido-bank.com\/wp-content\/uploads\/2022\/07\/us-flag-300x300.png\" alt=\"\" width=\"28\" height=\"28\" srcset=\"https:\/\/escondido-bank.com\/wp-content\/uploads\/2022\/07\/us-flag-300x300.png 300w, https:\/\/escondido-bank.com\/wp-content\/uploads\/2022\/07\/us-flag-150x150.png 150w, https:\/\/escondido-bank.com\/wp-content\/uploads\/2022\/07\/us-flag-365x365.png 365w, https:\/\/escondido-bank.com\/wp-content\/uploads\/2022\/07\/us-flag-500x500.png 500w, https:\/\/escondido-bank.com\/wp-content\/uploads\/2022\/07\/us-flag.png 525w\" sizes=\"(max-width: 28px) 100vw, 28px\" \/> +1 4156 8374 23<br \/>\n<img loading=\"lazy\" class=\"alignnone size-medium wp-image-1442\" src=\"https:\/\/escondido-bank.com\/wp-content\/uploads\/2022\/08\/Italian-flag-300x300.png\" alt=\"\" width=\"27\" height=\"27\" srcset=\"https:\/\/escondido-bank.com\/wp-content\/uploads\/2022\/08\/Italian-flag-300x300.png 300w, https:\/\/escondido-bank.com\/wp-content\/uploads\/2022\/08\/Italian-flag-150x150.png 150w, https:\/\/escondido-bank.com\/wp-content\/uploads\/2022\/08\/Italian-flag-768x768.png 768w, https:\/\/escondido-bank.com\/wp-content\/uploads\/2022\/08\/Italian-flag-365x365.png 365w, https:\/\/escondido-bank.com\/wp-content\/uploads\/2022\/08\/Italian-flag-500x500.png 500w, https:\/\/escondido-bank.com\/wp-content\/uploads\/2022\/08\/Italian-flag.png 900w\" sizes=\"(max-width: 27px) 100vw, 27px\" \/> +39 0543 1908143<br \/>\n<img loading=\"lazy\" class=\"alignnone size-medium wp-image-1495\" src=\"https:\/\/escondido-bank.com\/wp-content\/uploads\/2022\/09\/France-flag-300x300.png\" alt=\"\" width=\"30\" height=\"30\" srcset=\"https:\/\/escondido-bank.com\/wp-content\/uploads\/2022\/09\/France-flag-300x300.png 300w, https:\/\/escondido-bank.com\/wp-content\/uploads\/2022\/09\/France-flag-1024x1024.png 1024w, https:\/\/escondido-bank.com\/wp-content\/uploads\/2022\/09\/France-flag-150x150.png 150w, https:\/\/escondido-bank.com\/wp-content\/uploads\/2022\/09\/France-flag-768x768.png 768w, https:\/\/escondido-bank.com\/wp-content\/uploads\/2022\/09\/France-flag-1536x1536.png 1536w, https:\/\/escondido-bank.com\/wp-content\/uploads\/2022\/09\/France-flag-2048x2048.png 2048w, https:\/\/escondido-bank.com\/wp-content\/uploads\/2022\/09\/France-flag-365x365.png 365w, https:\/\/escondido-bank.com\/wp-content\/uploads\/2022\/09\/France-flag-500x500.png 500w\" sizes=\"(max-width: 30px) 100vw, 30px\" \/> +33 1 87 20 58 02<br \/>\n<img loading=\"lazy\" class=\"alignnone size-medium wp-image-1494\" src=\"https:\/\/escondido-bank.com\/wp-content\/uploads\/2022\/09\/Quebec-300x300.png\" alt=\"\" width=\"32\" height=\"32\" srcset=\"https:\/\/escondido-bank.com\/wp-content\/uploads\/2022\/09\/Quebec-300x300.png 300w, https:\/\/escondido-bank.com\/wp-content\/uploads\/2022\/09\/Quebec-150x150.png 150w, https:\/\/escondido-bank.com\/wp-content\/uploads\/2022\/09\/Quebec-365x365.png 365w, https:\/\/escondido-bank.com\/wp-content\/uploads\/2022\/09\/Quebec-500x500.png 500w, https:\/\/escondido-bank.com\/wp-content\/uploads\/2022\/09\/Quebec.png 512w\" sizes=\"(max-width: 32px) 100vw, 32px\" \/> +1 43 86 025 030<br \/>\n<\/span><\/span><\/p>\n<p><img loading=\"lazy\" class=\"wp-image-163 size-full aligncenter\" src=\"http:\/\/escondido-bank.com\/wp-content\/uploads\/2019\/11\/envelope-outlined-small.png\" alt=\"\" width=\"32\" height=\"32\" \/><span style=\"color: #003366;\">E-Mail <\/span><span style=\"color: #003366; font-size: 18px;\">Inviaci una email <\/span><a href=\"http:\/\/escondido-bank.com\/it\/contact\"><span style=\"color: #808080;\"><span style=\"font-size: 18px;\">\u2192 Contattaci<\/span><\/span><\/a>[\/vc_column_text][\/vc_column][\/vc_row][vc_row full_width=&#8221;stretch_row_content_no_spaces&#8221; css=&#8221;.vc_custom_1624194400822{background-color: #9e9e9e !important;}&#8221;][vc_column width=&#8221;1\/6&#8243;][\/vc_column][vc_column width=&#8221;2\/3&#8243;]<div id=\"mpc_textblock-9769e1938d7d965\" class=\"mpc-textblock mpc-init \"><p>Ogni riferimento o menzione alla Escondido Brothers Bank presente in questo sito, fa riferimento alle offerte della Escondido Brothers Bank<\/p>\n<p>\u00a9 1998 &#8211; 2020 Escondido Brothers Bank<\/p>\n<\/div>[\/vc_column][vc_column width=&#8221;1\/6&#8243;][\/vc_column][\/vc_row]<\/p>\n","protected":false},"excerpt":{"rendered":"<p>[vc_row full_width=&#8221;stretch_row_content_no_spaces&#8221; first_background_type=&#8221;image&#8221; first_background_image=&#8221;50&#8243; first_background_position=&#8221;top-left&#8221; first_background_image_size=&#8221;thumbnail&#8221; second_background_type=&#8221;image&#8221; second_background_image=&#8221;50&#8243; second_background_position=&#8221;top-left&#8221; second_background_image_size=&#8221;medium&#8221;][vc_column width=&#8221;1\/4&#8243;][\/vc_column][vc_column width=&#8221;3\/4&#8243;][vc_raw_html]JTVCbWF4bWVnYW1lbnUlMjBsb2NhdGlvbiUzRHByaW1hcnklNUQ=[\/vc_raw_html][\/vc_column][\/vc_row][vc_row full_width=&#8221;stretch_row_content_no_spaces&#8221; enable_parallax=&#8221;true&#8221; parallax_background=&#8221;51&#8243; parallax_style=&#8221;fixed&#8221; animation_in_type=&#8221;transition.fadeIn&#8221; animation_in_offset=&#8221;100&#8243; animation_in_duration=&#8221;1800&#8243; animation_in_delay=&#8221;0&#8243; css=&#8221;.vc_custom_1624241327546{padding-top: 200px !important;padding-bottom: 200px !important;}&#8221;][vc_column alignment=&#8221;center&#8221;][vc_row_inner animation_in_type=&#8221;transition.slideDownIn&#8221; animation_in_offset=&#8221;100&#8243; animation_in_duration=&#8221;1600&#8243; animation_in_delay=&#8221;200&#8243; css=&#8221;.vc_custom_1573613313574{margin-top: 0px !important;margin-bottom: 0px !important;}&#8221;][vc_column_inner offset=&#8221;vc_hidden-sm vc_hidden-xs&#8221;][\/vc_column_inner][\/vc_row_inner][vc_row_inner animation_in_type=&#8221;transition.slideDownIn&#8221; animation_in_offset=&#8221;100&#8243; animation_in_duration=&#8221;1600&#8243; animation_in_delay=&#8221;200&#8243; css=&#8221;.vc_custom_1573613313574{margin-top: 0px !important;margin-bottom: 0px !important;}&#8221;][vc_column_inner offset=&#8221;vc_hidden-lg vc_hidden-md&#8221; css=&#8221;.vc_custom_1624241370941{margin-top: -50px !important;}&#8221;][\/vc_column_inner][\/vc_row_inner][\/vc_column][\/vc_row][vc_row full_width=&#8221;stretch_row_content_no_spaces&#8221; animation_in_type=&#8221;transition.slideUpIn&#8221; animation_in_offset=&#8221;96&#8243; animation_in_duration=&#8221;1600&#8243;<\/p>\n","protected":false},"author":1,"featured_media":0,"parent":0,"menu_order":0,"comment_status":"closed","ping_status":"closed","template":"template-page-builder-no-header-footer.php","meta":[],"_links":{"self":[{"href":"https:\/\/escondido-bank.com\/it\/wp-json\/wp\/v2\/pages\/315"}],"collection":[{"href":"https:\/\/escondido-bank.com\/it\/wp-json\/wp\/v2\/pages"}],"about":[{"href":"https:\/\/escondido-bank.com\/it\/wp-json\/wp\/v2\/types\/page"}],"author":[{"embeddable":true,"href":"https:\/\/escondido-bank.com\/it\/wp-json\/wp\/v2\/users\/1"}],"replies":[{"embeddable":true,"href":"https:\/\/escondido-bank.com\/it\/wp-json\/wp\/v2\/comments?post=315"}],"version-history":[{"count":107,"href":"https:\/\/escondido-bank.com\/it\/wp-json\/wp\/v2\/pages\/315\/revisions"}],"predecessor-version":[{"id":1135,"href":"https:\/\/escondido-bank.com\/it\/wp-json\/wp\/v2\/pages\/315\/revisions\/1135"}],"wp:attachment":[{"href":"https:\/\/escondido-bank.com\/it\/wp-json\/wp\/v2\/media?parent=315"}],"curies":[{"name":"wp","href":"https:\/\/api.w.org\/{rel}","templated":true}]}}